{"id":63670,"date":"2023-08-11T19:41:41","date_gmt":"2023-08-11T19:41:41","guid":{"rendered":"https:\/\/fifthpress.org\/transaction-completed\/"},"modified":"2024-06-07T00:36:11","modified_gmt":"2024-06-07T07:36:11","slug":"transaction-completed","status":"publish","type":"page","link":"https:\/\/fifthpress.org\/es\/transaction-completed\/","title":{"rendered":"Transacci\u00f3n Completada"},"content":{"rendered":"<p>Gracias por tu pago. Su transacci\u00f3n se complet\u00f3 y se le envi\u00f3 por correo electr\u00f3nico un recibo de su compra.<\/p>\n","protected":false},"excerpt":{"rendered":"<p>Gracias por tu pago. Su transacci\u00f3n se complet\u00f3 y se le envi\u00f3 por correo electr\u00f3nico un recibo de su compra.<\/p>\n","protected":false},"author":101,"featured_media":0,"parent":0,"menu_order":0,"comment_status":"closed","ping_status":"closed","template":"","meta":{"footnotes":""},"class_list":["post-63670","page","type-page","status-publish","hentry"],"_links":{"self":[{"href":"https:\/\/fifthpress.org\/es\/wp-json\/wp\/v2\/pages\/63670","targetHints":{"allow":["GET"]}}],"collection":[{"href":"https:\/\/fifthpress.org\/es\/wp-json\/wp\/v2\/pages"}],"about":[{"href":"https:\/\/fifthpress.org\/es\/wp-json\/wp\/v2\/types\/page"}],"author":[{"embeddable":true,"href":"https:\/\/fifthpress.org\/es\/wp-json\/wp\/v2\/users\/101"}],"replies":[{"embeddable":true,"href":"https:\/\/fifthpress.org\/es\/wp-json\/wp\/v2\/comments?post=63670"}],"version-history":[{"count":1,"href":"https:\/\/fifthpress.org\/es\/wp-json\/wp\/v2\/pages\/63670\/revisions"}],"predecessor-version":[{"id":67100,"href":"https:\/\/fifthpress.org\/es\/wp-json\/wp\/v2\/pages\/63670\/revisions\/67100"}],"wp:attachment":[{"href":"https:\/\/fifthpress.org\/es\/wp-json\/wp\/v2\/media?parent=63670"}],"curies":[{"name":"wp","href":"https:\/\/api.w.org\/{rel}","templated":true}]}}